{"id":2,"date":"2016-05-10T03:48:21","date_gmt":"2016-05-10T03:48:21","guid":{"rendered":"http:\/\/judith-anders.de\/?page_id=2"},"modified":"2024-10-01T13:10:09","modified_gmt":"2024-10-01T11:10:09","slug":"about","status":"publish","type":"page","link":"https:\/\/judith-anders.de\/en\/about\/","title":{"rendered":"About"},"content":{"rendered":"\n<div class=\"wp-block-columns is-layout-flex wp-container-5 wp-block-columns-is-layout-flex\">\n<div class=\"wp-block-column is-layout-flow wp-block-column-is-layout-flow\" style=\"flex-basis:33.33%\">\n<figure class=\"wp-block-gallery columns-1 is-cropped wp-block-gallery-1 is-layout-flex wp-block-gallery-is-layout-flex\"><ul class=\"blocks-gallery-grid\"><li class=\"blocks-gallery-item\"><figure><img decoding=\"async\" loading=\"lazy\" width=\"683\" height=\"1024\" src=\"https:\/\/judith-anders.de\/wp-content\/uploads\/Judith_Anders-683x1024.jpg\" alt=\"\" data-id=\"1196\" data-full-url=\"https:\/\/judith-anders.de\/wp-content\/uploads\/Judith_Anders-scaled.jpg\" data-link=\"https:\/\/judith-anders.de\/about\/judith_anders\/\" class=\"wp-image-1196\" srcset=\"https:\/\/judith-anders.de\/wp-content\/uploads\/Judith_Anders-683x1024.jpg 683w, https:\/\/judith-anders.de\/wp-content\/uploads\/Judith_Anders-200x300.jpg 200w, https:\/\/judith-anders.de\/wp-content\/uploads\/Judith_Anders-768x1152.jpg 768w, https:\/\/judith-anders.de\/wp-content\/uploads\/Judith_Anders-1024x1536.jpg 1024w, https:\/\/judith-anders.de\/wp-content\/uploads\/Judith_Anders-1365x2048.jpg 1365w, https:\/\/judith-anders.de\/wp-content\/uploads\/Judith_Anders-scaled.jpg 1707w\" sizes=\"(max-width: 683px) 100vw, 683px\" \/><\/figure><\/li><\/ul><\/figure>\n\n\n\n<ul id=\"block-ed2c89d7-48d5-43f6-b137-bb36213176e0\"><li><strong>10\/2020<\/strong> Gr\u00fcndung<br>Judith Anders Keramikdesign<br><\/li><li><strong>seit 10\/2020<\/strong> Floraldesign <br>im Team um Heiko Steudtner, florale Manufaktur, Cunewalde<\/li><\/ul>\n\n\n\n<h3 class=\"wp-block-heading\">Studium<\/h3>\n\n\n\n<ul><li><strong>2015-2019<\/strong> Burg Giebichenstein Kunsthochschule Halle<br><\/li><li>Bachelor of Arts<br>Industriedesign\/ Produktdesign Keramik- und Glasdesign <\/li><\/ul>\n\n\n\n<h3 class=\"wp-block-heading\">Praktika<\/h3>\n\n\n\n<ul><li><strong>10\/2019-04\/2020  <\/strong>Pottery West in Sheffield, United Kingdom <\/li><li><strong>02\/2019-03\/2019<\/strong>  Schmuckatelier &#8211; Luise Neugebauer, Leipzig <\/li><li><strong>08\/2018-09\/2018 <\/strong> Staatliche Porzellanmanufaktur MEISSEN<\/li><li><strong>03\/2015-07\/2015<\/strong>  Porzellanmanufaktur Raupach, Peritz<\/li><li><strong>08\/2012-07\/2013<\/strong>  Doppelzimmer Nr.1 &#8211; Floristik, L\u00f6bau    <\/li><\/ul>\n<\/div>\n\n\n\n<div class=\"wp-block-column is-layout-flow wp-block-column-is-layout-flow\" style=\"flex-basis:66.66%\">\n<p>Begleitend zu meinem Fachabitur f\u00fcr Gestaltung sammelte ich praktische Arbeitserfahrungen im Floristikgesch\u00e4ft Doppelzimmer Nr. 1 in L\u00f6bau und vertiefte mein botanisches Wissen und handwerklichen F\u00e4higkeiten im Zusammenstellen von floralen Arrangements. Seit dieser Zeit begleitet mich dieses Hobby zu jeder Saison auf meinen Wegen. Diese f\u00fchrten mich, in Vorbereitung auf mein Studium, mit kleinen Zwischenstopps in regionalen Glaswerken zun\u00e4chst nach Peritz. Dort lernte und arbeitete ich f\u00fcr 5 Monate in der Porzellanmanufaktur Raupach. <\/p>\n\n\n\n<p>Keramik sollte von da an der Werkstoff werden, welcher meine langj\u00e4hrige Leidenschaft zu Pflanzen unterst\u00fctzt und zu dieser verg\u00e4nglichen Kreativit\u00e4t mit einem langlebigen Material im Kontrast steht. Vor Ort lernte ich grundlegende F\u00e4higkeiten und handwerkliche Kenntnisse f\u00fcr das Produzieren von Porzellan im Schlickergussverfahren.  Mein Weg f\u00fchrte mich weiter nach Halle an die Saale. Dort begann ich im Oktober 2015 mein Studium im Studiengang Industriedesign mit der Spezialisierung in der kleinen Fachrichtung des Produktdesigns f\u00fcr Keramik und Glas. In den vier Jahren an der Burg arbeitete ich vorwiegend mit Porzellan, lernte es von allen Seiten kennen und lieben und erarbeitete mir umfangreiches Wissen \u00fcber Herstellungsprozesse und handwerkliche Voraussetzungen.  <\/p>\n\n\n\n<p>Begleitend zu meinem Studium absolvierte ich im Sommer 2018 ein Praktikum in der staatlichen Porzellanmanufaktur in MEISSEN, um \u00fcber die traditionellen Manufakturtechniken im Umgang mit Porzellan zu lernen. Im Kontrast zu vielseitigem Gef\u00e4\u00dfdesign verbrachte ich Ende Februar im darauffolgenden Jahr einige Wochen mit Luise Neugebauer in Ihrem Schmuckdesignatelier in Leipzig.  <\/p>\n\n\n\n<p>Im Sommer 2019 schloss ich erfolgreich mein Studium mit meinem Projekt VAIO ab. Anschlie\u00dfend an mein Studium hatte ich den Wunsch praktische Erfahrungen im Ausland zu sammeln, um meine englische Sprache zu verbessern und ein neues Verfahren zur Herstellung von Keramik zu erlernen. Ab Oktober 2019 verbrachte ich schlie\u00dflich sieben Monate im n\u00f6rdlichen England, Sheffield. Im kleinen Studio der Pottery West lernte ich Grundlagen \u00fcber das Drehen an der T\u00f6pferscheibe, experimentiere mit verschiedenen Keramiken in unterschiedlichen Techniken und habe mein Interesse f\u00fcr selbstentwickelte Glasuren geweckt. <\/p>\n\n\n\n<p>Zahlreiche Studien, Projekte und praktische Erfahrungen bilden nun die Basis f\u00fcr meine Arbeiten. <\/p>\n\n\n\n<h3 class=\"wp-block-heading\">Ausstellungen und Wettbewerbe<\/h3>\n\n\n\n<ul><li><strong>03-05\/2021<\/strong> WerkSchau (Kreatives Sachsen), Chemnitz<\/li><li><strong>seit 01\/2021<\/strong> Virtuelle Leistungsschau des s\u00e4chsischen Staatspreises f\u00fcr Design<\/li><li><strong>01\/2020<\/strong>  Internationale M\u00f6bel- und Einrichtungsmesse (imm), K\u00f6ln  <\/li><li><strong>11\/2019<\/strong>  Pr\u00e4sentation des Franz Rising Star Projects (FRSP) 2019,  Taipei    <\/li><li><strong>10\/2019<\/strong>  Giebichensteindesignpreis Kategorie Konzept f\u00fcr VAIO, Halle  <\/li><li><strong>10\/2019<\/strong>  Ausstellung des GDP in der Kunststiftung des Landes Sachsen-Anhalts, Halle<\/li><li><strong>10\/2019<\/strong> Sonderpreis des Stadtmuseums Halle f\u00fcr VAIO<\/li><li><strong>09\/2019<\/strong>  Franz Rising Star Award f\u00fcr VAIO, Stipendium f\u00fcr Scaena und Serie 3ck <\/li><li><strong>07\/2019<\/strong>  Nominierung Giebichenstein Designpreis, Halle <\/li><li><strong>07\/2019<\/strong>  Ausstellung im Keramik-Museum B\u00fcrgel  <\/li><li><strong>03-11\/2019<\/strong>  Reine Formsache Vom Bauhaus-Impuls zum Designlabor an der Burg Giebichenstein, Selb <\/li><li><strong>03\/2019<\/strong>  Sonderschau Talente &#8211; Internationale Handwerksmesse (IHM) M\u00fcnchen, mit Scaena <\/li><li><strong>2017\/2018<\/strong> Tactility, Concrete Design Competition, B\u00e9ton\u00e9r\u00e8 3. Preis<\/li><\/ul>\n<\/div>\n<\/div>\n","protected":false},"excerpt":{"rendered":"<p>10\/2020 Gr\u00fcndungJudith Anders Keramikdesign seit 10\/2020 Floraldesign im Team um Heiko Steudtner, florale Manufaktur, Cunewalde Studium 2015-2019 Burg Giebichenstein Kunsthochschule Halle Bachelor of ArtsIndustriedesign\/ Produktdesign Keramik- und Glasdesign Praktika 10\/2019-04\/2020 Pottery West in Sheffield, United Kingdom 02\/2019-03\/2019 Schmuckatelier &#8211; Luise Neugebauer, Leipzig 08\/2018-09\/2018 Staatliche Porzellanmanufaktur MEISSEN 03\/2015-07\/2015 Porzellanmanufaktur Raupach, Peritz 08\/2012-07\/2013 Doppelzimmer Nr.1 &#8211; Floristik, [&hellip;]<\/p>\n","protected":false},"author":1,"featured_media":0,"parent":0,"menu_order":0,"comment_status":"closed","ping_status":"closed","template":"","meta":{"footnotes":""},"translation":{"provider":"WPGlobus","version":"3.0.1","language":"en","enabled_languages":["de","en"],"languages":{"de":{"title":true,"content":true,"excerpt":false},"en":{"title":true,"content":true,"excerpt":false}}},"_links":{"self":[{"href":"https:\/\/judith-anders.de\/en\/wp-json\/wp\/v2\/pages\/2"}],"collection":[{"href":"https:\/\/judith-anders.de\/en\/wp-json\/wp\/v2\/pages"}],"about":[{"href":"https:\/\/judith-anders.de\/en\/wp-json\/wp\/v2\/types\/page"}],"author":[{"embeddable":true,"href":"https:\/\/judith-anders.de\/en\/wp-json\/wp\/v2\/users\/1"}],"replies":[{"embeddable":true,"href":"https:\/\/judith-anders.de\/en\/wp-json\/wp\/v2\/comments?post=2"}],"version-history":[{"count":146,"href":"https:\/\/judith-anders.de\/en\/wp-json\/wp\/v2\/pages\/2\/revisions"}],"predecessor-version":[{"id":2735,"href":"https:\/\/judith-anders.de\/en\/wp-json\/wp\/v2\/pages\/2\/revisions\/2735"}],"wp:attachment":[{"href":"https:\/\/judith-anders.de\/en\/wp-json\/wp\/v2\/media?parent=2"}],"curies":[{"name":"wp","href":"https:\/\/api.w.org\/{rel}","templated":true}]}}